{"id":6366,"date":"2023-01-03T11:31:56","date_gmt":"2023-01-03T10:31:56","guid":{"rendered":"https:\/\/www.divella.it\/?page_id=6366"},"modified":"2023-01-03T11:33:36","modified_gmt":"2023-01-03T10:33:36","slug":"informativa-premi","status":"publish","type":"page","link":"https:\/\/www.divella.it\/it\/informativa-premi\/","title":{"rendered":"Informativa premi"},"content":{"rendered":"<div class=\"wpb-content-wrapper\"><p>[vc_row el_class=&#8221;backgrounded first_row&#8221;][vc_column width=&#8221;1\/12&#8243; offset=&#8221;vc_col-lg-2&#8243;][\/vc_column][vc_column width=&#8221;5\/6&#8243; offset=&#8221;vc_col-lg-8&#8243;][vc_empty_space height=&#8221;80px&#8221;][vc_column_text el_class=&#8221;text-center&#8221;]<\/p>\n<h1 class=\"divella brown bigdivella\">Informativa premi<\/h1>\n<p>[\/vc_column_text][vc_separator color=&#8221;mulled_wine&#8221;][vc_column_text]<\/p>\n<h4 style=\"text-align: center;\">Informativa ai sensi del Regolamento EU 2016\/679<\/h4>\n<p>Questa informativa viene fornita ai sensi dell\u2019art. 13 del Regolamento EU 2016\/679 (di seguito anche Regolamento); secondo la legge indicata, tale trattamento sar\u00e0 improntato ai principi di correttezza, liceit\u00e0 e trasparenza e di tutela della Sua riservatezza e dei Suoi diritti.<br \/>\nPertanto, F. Divella S.p.a., con sede legale in Largo D. Divella, 1, 70018 Rutigliano (BA), Titolare del trattamento, La informa che il trattamento dei suoi dati, realizzato con strumenti manuali ed automatizzati adottando misure di sicurezza tali da garantire la tutela e la massima riservatezza dei dati trattati, \u00e8 effettuato per lo svolgimento delle seguenti attivit\u00e0:<\/p>\n<ul style=\"list-style: num;\">\n<li>invio del premio in seguito al completamento dell\u2019album di raccolta punti; il conferimento dei dati \u00e8 necessario e in sua mancanza il Titolare non potr\u00e0 perseguire la finalit\u00e0. La base giuridica di tale trattamento \u00e8 l\u2019esecuzione dei servizi a favore dell\u2019interessato;<\/li>\n<li>invio di informazioni promozionali e\/o pubblicitarie sui nostri prodotti e servizi, nonch\u00e9 altre iniziative promozionali a favore dell\u2019interessato. Le modalit\u00e0 di contatto con le quali verranno realizzate le suddette attivit\u00e0 sono: e-mail, SMS, posta cartacea o contatto telefonico, da Lei forniti; il conferimento dei dati \u00e8 facoltativo e in sua mancanza il Titolare non potr\u00e0 realizzare le attivit\u00e0 indicate. La base giuridica per lo svolgimento di queste attivit\u00e0 si fonda sul conferimento del consenso. Lei pu\u00f2 in ogni momento revocare il consenso precedentemente conferito. La revoca del consenso non pregiudica la liceit\u00e0 del trattamento in base al consenso da lei fornito prima della revoca.<\/li>\n<\/ul>\n<p>I dati relativi ad attivit\u00e0 correlate alla raccolta punti (di cui ai punti 1) saranno conservati per i tempi necessari alla gestione della spedizione. I dati necessari allo svolgimento delle attivit\u00e0 promozionali e di marketing (di cui ai punti 2) saranno conservati per 24 mesi.<br \/>\nI dati, che non saranno diffusi, potranno essere comunicati a societ\u00e0 terze che svolgono attivit\u00e0 connesse e strumentali alle attivit\u00e0 su menzionate e a soggetti ai quali sia riconosciuta la facolt\u00e0 di accedere ai dati da disposizioni di legge e\/o di normativa secondaria.<br \/>\nI dati non saranno trasferiti fuori dall\u2019Unione europea.<\/p>\n<p>La informiamo, infine, che potr\u00e0 esercitare i diritti contemplati dal Regolamento, scrivendo a divella@divella.it. Lei potr\u00e0 pertanto chiedere di avere conoscenza dell\u2019origine dei dati nonch\u00e9 della logica e delle finalit\u00e0 del Trattamento; di ottenere la cancellazione, la trasformazione in forma anonima o il blocco dei dati trattati in violazione di legge, nonch\u00e9 l\u2019aggiornamento, la rettifica o, se vi \u00e8 interesse, l\u2019integrazione dei dati stessi; di opporsi, per motivi legittimi, al trattamento. \u00c8 garantito il diritto a revocare il consenso in qualsiasi momento senza pregiudicare la liceit\u00e0 del trattamento basata sul consenso prestato prima della revoca. \u00c8 garantito il diritto alla portabilit\u00e0 dei dati, a proporre reclamo a un&#8217;autorit\u00e0 di controllo.[\/vc_column_text][vc_column_text]F. Divella S.p.A.[\/vc_column_text][vc_empty_space][\/vc_column][vc_column width=&#8221;1\/12&#8243; offset=&#8221;vc_col-lg-2&#8243;][\/vc_column][\/vc_row]<\/p>\n<\/div>","protected":false},"excerpt":{"rendered":"<p>[vc_row el_class=&#8221;backgrounded first_row&#8221;][vc_column width=&#8221;1\/12&#8243; offset=&#8221;vc_col-lg-2&#8243;][\/vc_column][vc_column width=&#8221;5\/6&#8243; offset=&#8221;vc_col-lg-8&#8243;][vc_empty_space height=&#8221;80px&#8221;][vc_column_text el_class=&#8221;text-center&#8221;] Informativa premi [\/vc_column_text][vc_separator color=&#8221;mulled_wine&#8221;][vc_column_text] Informativa ai sensi del Regolamento EU 2016\/679 Questa informativa viene fornita ai sensi dell\u2019art. 13 del Regolamento EU 2016\/679 (di seguito anche Regolamento); secondo la legge indicata, tale trattamento sar\u00e0 improntato ai principi di correttezza, liceit\u00e0 e trasparenza e di tutela della [&hellip;]<\/p>\n","protected":false},"author":8,"featured_media":0,"parent":0,"menu_order":0,"comment_status":"closed","ping_status":"closed","template":"page-full.php","meta":{"inline_featured_image":false,"footnotes":""},"class_list":["post-6366","page","type-page","status-publish","hentry"],"yoast_head":"<!-- This site is optimized with the Yoast SEO plugin v27.4 - https:\/\/yoast.com\/product\/yoast-seo-wordpress\/ -->\n<title>Informativa premi - Divella<\/title>\n<meta name=\"robots\" content=\"index, follow, max-snippet:-1, max-image-preview:large, max-video-preview:-1\" \/>\n<link rel=\"canonical\" href=\"https:\/\/www.divella.it\/it\/informativa-premi\/\" \/>\n<meta property=\"og:locale\" content=\"it_IT\" \/>\n<meta property=\"og:type\" content=\"article\" \/>\n<meta property=\"og:title\" content=\"Informativa premi - Divella\" \/>\n<meta property=\"og:description\" content=\"[vc_row el_class=&#8221;backgrounded first_row&#8221;][vc_column width=&#8221;1\/12&#8243; offset=&#8221;vc_col-lg-2&#8243;][\/vc_column][vc_column width=&#8221;5\/6&#8243; offset=&#8221;vc_col-lg-8&#8243;][vc_empty_space height=&#8221;80px&#8221;][vc_column_text el_class=&#8221;text-center&#8221;] Informativa premi [\/vc_column_text][vc_separator color=&#8221;mulled_wine&#8221;][vc_column_text] Informativa ai sensi del Regolamento EU 2016\/679 Questa informativa viene fornita ai sensi dell\u2019art. 13 del Regolamento EU 2016\/679 (di seguito anche Regolamento); secondo la legge indicata, tale trattamento sar\u00e0 improntato ai principi di correttezza, liceit\u00e0 e trasparenza e di tutela della [&hellip;]\" \/>\n<meta property=\"og:url\" content=\"https:\/\/www.divella.it\/it\/informativa-premi\/\" \/>\n<meta property=\"og:site_name\" content=\"Divella\" \/>\n<meta property=\"article:publisher\" content=\"https:\/\/www.facebook.com\/Divella.IT\/\" \/>\n<meta property=\"article:modified_time\" content=\"2023-01-03T10:33:36+00:00\" \/>\n<meta name=\"twitter:card\" content=\"summary_large_image\" \/>\n<meta name=\"twitter:site\" content=\"@divellaofficial\" \/>\n<meta name=\"twitter:label1\" content=\"Tempo di lettura stimato\" \/>\n\t<meta name=\"twitter:data1\" content=\"3 minuti\" \/>\n<script type=\"application\/ld+json\" class=\"yoast-schema-graph\">{\"@context\":\"https:\\\/\\\/schema.org\",\"@graph\":[{\"@type\":\"WebPage\",\"@id\":\"https:\\\/\\\/www.divella.it\\\/it\\\/informativa-premi\\\/\",\"url\":\"https:\\\/\\\/www.divella.it\\\/it\\\/informativa-premi\\\/\",\"name\":\"Informativa premi - Divella\",\"isPartOf\":{\"@id\":\"https:\\\/\\\/www.divella.it\\\/it\\\/#website\"},\"datePublished\":\"2023-01-03T10:31:56+00:00\",\"dateModified\":\"2023-01-03T10:33:36+00:00\",\"breadcrumb\":{\"@id\":\"https:\\\/\\\/www.divella.it\\\/it\\\/informativa-premi\\\/#breadcrumb\"},\"inLanguage\":\"it-IT\",\"potentialAction\":[{\"@type\":\"ReadAction\",\"target\":[\"https:\\\/\\\/www.divella.it\\\/it\\\/informativa-premi\\\/\"]}]},{\"@type\":\"BreadcrumbList\",\"@id\":\"https:\\\/\\\/www.divella.it\\\/it\\\/informativa-premi\\\/#breadcrumb\",\"itemListElement\":[{\"@type\":\"ListItem\",\"position\":1,\"name\":\"Home\",\"item\":\"https:\\\/\\\/www.divella.it\\\/it\\\/\"},{\"@type\":\"ListItem\",\"position\":2,\"name\":\"Informativa premi\"}]},{\"@type\":\"WebSite\",\"@id\":\"https:\\\/\\\/www.divella.it\\\/it\\\/#website\",\"url\":\"https:\\\/\\\/www.divella.it\\\/it\\\/\",\"name\":\"Divella\",\"description\":\"\",\"publisher\":{\"@id\":\"https:\\\/\\\/www.divella.it\\\/it\\\/#organization\"},\"potentialAction\":[{\"@type\":\"SearchAction\",\"target\":{\"@type\":\"EntryPoint\",\"urlTemplate\":\"https:\\\/\\\/www.divella.it\\\/it\\\/?s={search_term_string}\"},\"query-input\":{\"@type\":\"PropertyValueSpecification\",\"valueRequired\":true,\"valueName\":\"search_term_string\"}}],\"inLanguage\":\"it-IT\"},{\"@type\":\"Organization\",\"@id\":\"https:\\\/\\\/www.divella.it\\\/it\\\/#organization\",\"name\":\"Divella\",\"url\":\"https:\\\/\\\/www.divella.it\\\/it\\\/\",\"logo\":{\"@type\":\"ImageObject\",\"inLanguage\":\"it-IT\",\"@id\":\"https:\\\/\\\/www.divella.it\\\/it\\\/#\\\/schema\\\/logo\\\/image\\\/\",\"url\":\"https:\\\/\\\/www.divella.it\\\/wp-content\\\/uploads\\\/2023\\\/01\\\/logo-divella.jpg\",\"contentUrl\":\"https:\\\/\\\/www.divella.it\\\/wp-content\\\/uploads\\\/2023\\\/01\\\/logo-divella.jpg\",\"width\":200,\"height\":151,\"caption\":\"Divella\"},\"image\":{\"@id\":\"https:\\\/\\\/www.divella.it\\\/it\\\/#\\\/schema\\\/logo\\\/image\\\/\"},\"sameAs\":[\"https:\\\/\\\/www.facebook.com\\\/Divella.IT\\\/\",\"https:\\\/\\\/x.com\\\/divellaofficial\",\"https:\\\/\\\/www.youtube.com\\\/channel\\\/UCfw9Jp-BYRM0T9qWR7RQK7A\",\"https:\\\/\\\/www.instagram.com\\\/divellaofficial\\\/?hl=it\",\"https:\\\/\\\/www.linkedin.com\\\/company\\\/f.-divella-spa\\\/?originalSubdomain=it\"]}]}<\/script>\n<!-- \/ Yoast SEO plugin. -->","yoast_head_json":{"title":"Informativa premi - Divella","robots":{"index":"index","follow":"follow","max-snippet":"max-snippet:-1","max-image-preview":"max-image-preview:large","max-video-preview":"max-video-preview:-1"},"canonical":"https:\/\/www.divella.it\/it\/informativa-premi\/","og_locale":"it_IT","og_type":"article","og_title":"Informativa premi - Divella","og_description":"[vc_row el_class=&#8221;backgrounded first_row&#8221;][vc_column width=&#8221;1\/12&#8243; offset=&#8221;vc_col-lg-2&#8243;][\/vc_column][vc_column width=&#8221;5\/6&#8243; offset=&#8221;vc_col-lg-8&#8243;][vc_empty_space height=&#8221;80px&#8221;][vc_column_text el_class=&#8221;text-center&#8221;] Informativa premi [\/vc_column_text][vc_separator color=&#8221;mulled_wine&#8221;][vc_column_text] Informativa ai sensi del Regolamento EU 2016\/679 Questa informativa viene fornita ai sensi dell\u2019art. 13 del Regolamento EU 2016\/679 (di seguito anche Regolamento); secondo la legge indicata, tale trattamento sar\u00e0 improntato ai principi di correttezza, liceit\u00e0 e trasparenza e di tutela della [&hellip;]","og_url":"https:\/\/www.divella.it\/it\/informativa-premi\/","og_site_name":"Divella","article_publisher":"https:\/\/www.facebook.com\/Divella.IT\/","article_modified_time":"2023-01-03T10:33:36+00:00","twitter_card":"summary_large_image","twitter_site":"@divellaofficial","twitter_misc":{"Tempo di lettura stimato":"3 minuti"},"schema":{"@context":"https:\/\/schema.org","@graph":[{"@type":"WebPage","@id":"https:\/\/www.divella.it\/it\/informativa-premi\/","url":"https:\/\/www.divella.it\/it\/informativa-premi\/","name":"Informativa premi - Divella","isPartOf":{"@id":"https:\/\/www.divella.it\/it\/#website"},"datePublished":"2023-01-03T10:31:56+00:00","dateModified":"2023-01-03T10:33:36+00:00","breadcrumb":{"@id":"https:\/\/www.divella.it\/it\/informativa-premi\/#breadcrumb"},"inLanguage":"it-IT","potentialAction":[{"@type":"ReadAction","target":["https:\/\/www.divella.it\/it\/informativa-premi\/"]}]},{"@type":"BreadcrumbList","@id":"https:\/\/www.divella.it\/it\/informativa-premi\/#breadcrumb","itemListElement":[{"@type":"ListItem","position":1,"name":"Home","item":"https:\/\/www.divella.it\/it\/"},{"@type":"ListItem","position":2,"name":"Informativa premi"}]},{"@type":"WebSite","@id":"https:\/\/www.divella.it\/it\/#website","url":"https:\/\/www.divella.it\/it\/","name":"Divella","description":"","publisher":{"@id":"https:\/\/www.divella.it\/it\/#organization"},"potentialAction":[{"@type":"SearchAction","target":{"@type":"EntryPoint","urlTemplate":"https:\/\/www.divella.it\/it\/?s={search_term_string}"},"query-input":{"@type":"PropertyValueSpecification","valueRequired":true,"valueName":"search_term_string"}}],"inLanguage":"it-IT"},{"@type":"Organization","@id":"https:\/\/www.divella.it\/it\/#organization","name":"Divella","url":"https:\/\/www.divella.it\/it\/","logo":{"@type":"ImageObject","inLanguage":"it-IT","@id":"https:\/\/www.divella.it\/it\/#\/schema\/logo\/image\/","url":"https:\/\/www.divella.it\/wp-content\/uploads\/2023\/01\/logo-divella.jpg","contentUrl":"https:\/\/www.divella.it\/wp-content\/uploads\/2023\/01\/logo-divella.jpg","width":200,"height":151,"caption":"Divella"},"image":{"@id":"https:\/\/www.divella.it\/it\/#\/schema\/logo\/image\/"},"sameAs":["https:\/\/www.facebook.com\/Divella.IT\/","https:\/\/x.com\/divellaofficial","https:\/\/www.youtube.com\/channel\/UCfw9Jp-BYRM0T9qWR7RQK7A","https:\/\/www.instagram.com\/divellaofficial\/?hl=it","https:\/\/www.linkedin.com\/company\/f.-divella-spa\/?originalSubdomain=it"]}]}},"_links":{"self":[{"href":"https:\/\/www.divella.it\/it\/wp-json\/wp\/v2\/pages\/6366","targetHints":{"allow":["GET"]}}],"collection":[{"href":"https:\/\/www.divella.it\/it\/wp-json\/wp\/v2\/pages"}],"about":[{"href":"https:\/\/www.divella.it\/it\/wp-json\/wp\/v2\/types\/page"}],"author":[{"embeddable":true,"href":"https:\/\/www.divella.it\/it\/wp-json\/wp\/v2\/users\/8"}],"replies":[{"embeddable":true,"href":"https:\/\/www.divella.it\/it\/wp-json\/wp\/v2\/comments?post=6366"}],"version-history":[{"count":2,"href":"https:\/\/www.divella.it\/it\/wp-json\/wp\/v2\/pages\/6366\/revisions"}],"predecessor-version":[{"id":6372,"href":"https:\/\/www.divella.it\/it\/wp-json\/wp\/v2\/pages\/6366\/revisions\/6372"}],"wp:attachment":[{"href":"https:\/\/www.divella.it\/it\/wp-json\/wp\/v2\/media?parent=6366"}],"curies":[{"name":"wp","href":"https:\/\/api.w.org\/{rel}","templated":true}]}}