{"id":3864,"date":"2022-12-13T11:10:10","date_gmt":"2022-12-13T10:10:10","guid":{"rendered":"https:\/\/www.divella.it\/?page_id=3864"},"modified":"2025-12-30T10:42:51","modified_gmt":"2025-12-30T09:42:51","slug":"informativa-lavora-con-noi","status":"publish","type":"page","link":"https:\/\/www.divella.it\/it\/informativa-lavora-con-noi\/","title":{"rendered":"Informativa lavora con noi"},"content":{"rendered":"<div class=\"wpb-content-wrapper\"><p>[vc_row el_class=&#8221;backgrounded first_row&#8221;][vc_column width=&#8221;1\/12&#8243; offset=&#8221;vc_col-lg-2&#8243;][\/vc_column][vc_column width=&#8221;5\/6&#8243; offset=&#8221;vc_col-lg-8&#8243;][vc_empty_space height=&#8221;80px&#8221;][vc_column_text css=&#8221;&#8221; el_class=&#8221;text-center&#8221;]<\/p>\n<h1 class=\"opensans red bigopensans\">Informativa lavora con noi<\/h1>\n<p>[\/vc_column_text][vc_separator color=&#8221;mulled_wine&#8221;][vc_column_text css=&#8221;&#8221;]<\/p>\n<h4 style=\"text-align: center;\">Informativa ai sensi dell\u2019art. 13 del Regolamento UE 2016\/679 \u2013 Lavora con noi<\/h4>\n<p>F. Divella S.p.a., con sede legale in Largo D. Divella, 1, 70018 Rutigliano (BA), Titolare del trattamento, la informa, ai sensi dell\u2019art. 13 del Regolamento EU 679\/2016 (di seguito Regolamento), che il trattamento dei Suoi dati personali ha per finalit\u00e0 il reclutamento e la selezione del personale diretto all\u2019instaurazione di un rapporto di lavoro o di collaborazione con la nostra societ\u00e0 e per la realizzazione di tutte attivit\u00e0 connesse al processo di selezione e assunzione. Il conferimento dei dati \u00e8 necessario e un eventuale rifiuto pu\u00f2 comportare l\u2019impossibilit\u00e0 di dare esecuzione all\u2019attivit\u00e0 su menzionata. La base giuridica del trattamento \u00e8 l\u2019attivit\u00e0 precontrattuale e contrattuale. Qualora nel CV siano presenti dati particolari, questi saranno trattati, solo ove necessario e pertinente, per valutare la Sua candidatura; per il trattamento dei dati particolari la base giuridica \u00e8 l\u2019obbligo normativo riscontrabile nell\u2019art. 9 paragrafo 2 lett. b) e dell&#8217;art. 88 del Regolamento, nonch\u00e9 nell\u2019osservanza delle \u201cPrescrizioni relative al trattamento di categorie particolari di dati nei rapporti di lavoro (Provv. 146 del 2019, All.1, par.1)\u201d;<br \/>\nIl trattamento sar\u00e0 effettuato con strumenti automatizzati e manuali attraverso misure di sicurezza tali da garantire la tutela e la massima riservatezza degli stessi.<br \/>\nI dati non saranno n\u00e9 comunicati n\u00e9 diffusi e saranno conservati per il periodo strettamente necessario al perseguimento delle finalit\u00e0 su indicate e comunque per un periodo non superiore a 6 mesi.<br \/>\nLa informiamo, infine, che potr\u00e0 contattare il Titolare nonch\u00e9 esercitare i diritti contemplati dall\u2019art. 12 del Regolamento, scrivendo a\u00a0<a href=\"mailto:divella@divella.it\">divella@divella.it<\/a>.<br \/>\nLei potr\u00e0 pertanto chiedere di avere conoscenza dell\u2019origine dei dati nonch\u00e9 della logica e delle finalit\u00e0 del Trattamento; di ottenere la cancellazione, la trasformazione in forma anonima o il blocco dei dati trattati in violazione di legge, nonch\u00e9 l\u2019aggiornamento, la rettifica o, se vi \u00e8 interesse, l\u2019integrazione dei dati stessi; di opporsi, per motivi legittimi, al trattamento. \u00c8 garantito il diritto alla portabilit\u00e0 dei dati, a proporre reclamo a un\u2019autorit\u00e0 di controllo.[\/vc_column_text][vc_column_text]F. Divella S.p.a.[\/vc_column_text][vc_empty_space][\/vc_column][vc_column width=&#8221;1\/12&#8243; offset=&#8221;vc_col-lg-2&#8243;][\/vc_column][\/vc_row]<\/p>\n<\/div>","protected":false},"excerpt":{"rendered":"<p>[vc_row el_class=&#8221;backgrounded first_row&#8221;][vc_column width=&#8221;1\/12&#8243; offset=&#8221;vc_col-lg-2&#8243;][\/vc_column][vc_column width=&#8221;5\/6&#8243; offset=&#8221;vc_col-lg-8&#8243;][vc_empty_space height=&#8221;80px&#8221;][vc_column_text css=&#8221;&#8221; el_class=&#8221;text-center&#8221;] Informativa lavora con noi [\/vc_column_text][vc_separator color=&#8221;mulled_wine&#8221;][vc_column_text css=&#8221;&#8221;] Informativa ai sensi dell\u2019art. 13 del Regolamento UE 2016\/679 \u2013 Lavora con noi F. Divella S.p.a., con sede legale in Largo D. Divella, 1, 70018 Rutigliano (BA), Titolare del trattamento, la informa, ai sensi dell\u2019art. 13 del Regolamento [&hellip;]<\/p>\n","protected":false},"author":8,"featured_media":0,"parent":0,"menu_order":0,"comment_status":"closed","ping_status":"closed","template":"page-full.php","meta":{"inline_featured_image":false,"footnotes":""},"class_list":["post-3864","page","type-page","status-publish","hentry"],"yoast_head":"<!-- This site is optimized with the Yoast SEO plugin v27.4 - https:\/\/yoast.com\/product\/yoast-seo-wordpress\/ -->\n<title>Informativa lavora con noi - Divella<\/title>\n<meta name=\"robots\" content=\"index, follow, max-snippet:-1, max-image-preview:large, max-video-preview:-1\" \/>\n<link rel=\"canonical\" href=\"https:\/\/www.divella.it\/it\/informativa-lavora-con-noi\/\" \/>\n<meta property=\"og:locale\" content=\"it_IT\" \/>\n<meta property=\"og:type\" content=\"article\" \/>\n<meta property=\"og:title\" content=\"Informativa lavora con noi - Divella\" \/>\n<meta property=\"og:description\" content=\"[vc_row el_class=&#8221;backgrounded first_row&#8221;][vc_column width=&#8221;1\/12&#8243; offset=&#8221;vc_col-lg-2&#8243;][\/vc_column][vc_column width=&#8221;5\/6&#8243; offset=&#8221;vc_col-lg-8&#8243;][vc_empty_space height=&#8221;80px&#8221;][vc_column_text css=&#8221;&#8221; el_class=&#8221;text-center&#8221;] Informativa lavora con noi [\/vc_column_text][vc_separator color=&#8221;mulled_wine&#8221;][vc_column_text css=&#8221;&#8221;] Informativa ai sensi dell\u2019art. 13 del Regolamento UE 2016\/679 \u2013 Lavora con noi F. Divella S.p.a., con sede legale in Largo D. Divella, 1, 70018 Rutigliano (BA), Titolare del trattamento, la informa, ai sensi dell\u2019art. 13 del Regolamento [&hellip;]\" \/>\n<meta property=\"og:url\" content=\"https:\/\/www.divella.it\/it\/informativa-lavora-con-noi\/\" \/>\n<meta property=\"og:site_name\" content=\"Divella\" \/>\n<meta property=\"article:publisher\" content=\"https:\/\/www.facebook.com\/Divella.IT\/\" \/>\n<meta property=\"article:modified_time\" content=\"2025-12-30T09:42:51+00:00\" \/>\n<meta name=\"twitter:card\" content=\"summary_large_image\" \/>\n<meta name=\"twitter:site\" content=\"@divellaofficial\" \/>\n<meta name=\"twitter:label1\" content=\"Tempo di lettura stimato\" \/>\n\t<meta name=\"twitter:data1\" content=\"2 minuti\" \/>\n<script type=\"application\/ld+json\" class=\"yoast-schema-graph\">{\"@context\":\"https:\\\/\\\/schema.org\",\"@graph\":[{\"@type\":\"WebPage\",\"@id\":\"https:\\\/\\\/www.divella.it\\\/it\\\/informativa-lavora-con-noi\\\/\",\"url\":\"https:\\\/\\\/www.divella.it\\\/it\\\/informativa-lavora-con-noi\\\/\",\"name\":\"Informativa lavora con noi - Divella\",\"isPartOf\":{\"@id\":\"https:\\\/\\\/www.divella.it\\\/it\\\/#website\"},\"datePublished\":\"2022-12-13T10:10:10+00:00\",\"dateModified\":\"2025-12-30T09:42:51+00:00\",\"breadcrumb\":{\"@id\":\"https:\\\/\\\/www.divella.it\\\/it\\\/informativa-lavora-con-noi\\\/#breadcrumb\"},\"inLanguage\":\"it-IT\",\"potentialAction\":[{\"@type\":\"ReadAction\",\"target\":[\"https:\\\/\\\/www.divella.it\\\/it\\\/informativa-lavora-con-noi\\\/\"]}]},{\"@type\":\"BreadcrumbList\",\"@id\":\"https:\\\/\\\/www.divella.it\\\/it\\\/informativa-lavora-con-noi\\\/#breadcrumb\",\"itemListElement\":[{\"@type\":\"ListItem\",\"position\":1,\"name\":\"Home\",\"item\":\"https:\\\/\\\/www.divella.it\\\/it\\\/\"},{\"@type\":\"ListItem\",\"position\":2,\"name\":\"Informativa lavora con noi\"}]},{\"@type\":\"WebSite\",\"@id\":\"https:\\\/\\\/www.divella.it\\\/it\\\/#website\",\"url\":\"https:\\\/\\\/www.divella.it\\\/it\\\/\",\"name\":\"Divella\",\"description\":\"\",\"publisher\":{\"@id\":\"https:\\\/\\\/www.divella.it\\\/it\\\/#organization\"},\"potentialAction\":[{\"@type\":\"SearchAction\",\"target\":{\"@type\":\"EntryPoint\",\"urlTemplate\":\"https:\\\/\\\/www.divella.it\\\/it\\\/?s={search_term_string}\"},\"query-input\":{\"@type\":\"PropertyValueSpecification\",\"valueRequired\":true,\"valueName\":\"search_term_string\"}}],\"inLanguage\":\"it-IT\"},{\"@type\":\"Organization\",\"@id\":\"https:\\\/\\\/www.divella.it\\\/it\\\/#organization\",\"name\":\"Divella\",\"url\":\"https:\\\/\\\/www.divella.it\\\/it\\\/\",\"logo\":{\"@type\":\"ImageObject\",\"inLanguage\":\"it-IT\",\"@id\":\"https:\\\/\\\/www.divella.it\\\/it\\\/#\\\/schema\\\/logo\\\/image\\\/\",\"url\":\"https:\\\/\\\/www.divella.it\\\/wp-content\\\/uploads\\\/2023\\\/01\\\/logo-divella.jpg\",\"contentUrl\":\"https:\\\/\\\/www.divella.it\\\/wp-content\\\/uploads\\\/2023\\\/01\\\/logo-divella.jpg\",\"width\":200,\"height\":151,\"caption\":\"Divella\"},\"image\":{\"@id\":\"https:\\\/\\\/www.divella.it\\\/it\\\/#\\\/schema\\\/logo\\\/image\\\/\"},\"sameAs\":[\"https:\\\/\\\/www.facebook.com\\\/Divella.IT\\\/\",\"https:\\\/\\\/x.com\\\/divellaofficial\",\"https:\\\/\\\/www.youtube.com\\\/channel\\\/UCfw9Jp-BYRM0T9qWR7RQK7A\",\"https:\\\/\\\/www.instagram.com\\\/divellaofficial\\\/?hl=it\",\"https:\\\/\\\/www.linkedin.com\\\/company\\\/f.-divella-spa\\\/?originalSubdomain=it\"]}]}<\/script>\n<!-- \/ Yoast SEO plugin. -->","yoast_head_json":{"title":"Informativa lavora con noi - Divella","robots":{"index":"index","follow":"follow","max-snippet":"max-snippet:-1","max-image-preview":"max-image-preview:large","max-video-preview":"max-video-preview:-1"},"canonical":"https:\/\/www.divella.it\/it\/informativa-lavora-con-noi\/","og_locale":"it_IT","og_type":"article","og_title":"Informativa lavora con noi - Divella","og_description":"[vc_row el_class=&#8221;backgrounded first_row&#8221;][vc_column width=&#8221;1\/12&#8243; offset=&#8221;vc_col-lg-2&#8243;][\/vc_column][vc_column width=&#8221;5\/6&#8243; offset=&#8221;vc_col-lg-8&#8243;][vc_empty_space height=&#8221;80px&#8221;][vc_column_text css=&#8221;&#8221; el_class=&#8221;text-center&#8221;] Informativa lavora con noi [\/vc_column_text][vc_separator color=&#8221;mulled_wine&#8221;][vc_column_text css=&#8221;&#8221;] Informativa ai sensi dell\u2019art. 13 del Regolamento UE 2016\/679 \u2013 Lavora con noi F. Divella S.p.a., con sede legale in Largo D. Divella, 1, 70018 Rutigliano (BA), Titolare del trattamento, la informa, ai sensi dell\u2019art. 13 del Regolamento [&hellip;]","og_url":"https:\/\/www.divella.it\/it\/informativa-lavora-con-noi\/","og_site_name":"Divella","article_publisher":"https:\/\/www.facebook.com\/Divella.IT\/","article_modified_time":"2025-12-30T09:42:51+00:00","twitter_card":"summary_large_image","twitter_site":"@divellaofficial","twitter_misc":{"Tempo di lettura stimato":"2 minuti"},"schema":{"@context":"https:\/\/schema.org","@graph":[{"@type":"WebPage","@id":"https:\/\/www.divella.it\/it\/informativa-lavora-con-noi\/","url":"https:\/\/www.divella.it\/it\/informativa-lavora-con-noi\/","name":"Informativa lavora con noi - Divella","isPartOf":{"@id":"https:\/\/www.divella.it\/it\/#website"},"datePublished":"2022-12-13T10:10:10+00:00","dateModified":"2025-12-30T09:42:51+00:00","breadcrumb":{"@id":"https:\/\/www.divella.it\/it\/informativa-lavora-con-noi\/#breadcrumb"},"inLanguage":"it-IT","potentialAction":[{"@type":"ReadAction","target":["https:\/\/www.divella.it\/it\/informativa-lavora-con-noi\/"]}]},{"@type":"BreadcrumbList","@id":"https:\/\/www.divella.it\/it\/informativa-lavora-con-noi\/#breadcrumb","itemListElement":[{"@type":"ListItem","position":1,"name":"Home","item":"https:\/\/www.divella.it\/it\/"},{"@type":"ListItem","position":2,"name":"Informativa lavora con noi"}]},{"@type":"WebSite","@id":"https:\/\/www.divella.it\/it\/#website","url":"https:\/\/www.divella.it\/it\/","name":"Divella","description":"","publisher":{"@id":"https:\/\/www.divella.it\/it\/#organization"},"potentialAction":[{"@type":"SearchAction","target":{"@type":"EntryPoint","urlTemplate":"https:\/\/www.divella.it\/it\/?s={search_term_string}"},"query-input":{"@type":"PropertyValueSpecification","valueRequired":true,"valueName":"search_term_string"}}],"inLanguage":"it-IT"},{"@type":"Organization","@id":"https:\/\/www.divella.it\/it\/#organization","name":"Divella","url":"https:\/\/www.divella.it\/it\/","logo":{"@type":"ImageObject","inLanguage":"it-IT","@id":"https:\/\/www.divella.it\/it\/#\/schema\/logo\/image\/","url":"https:\/\/www.divella.it\/wp-content\/uploads\/2023\/01\/logo-divella.jpg","contentUrl":"https:\/\/www.divella.it\/wp-content\/uploads\/2023\/01\/logo-divella.jpg","width":200,"height":151,"caption":"Divella"},"image":{"@id":"https:\/\/www.divella.it\/it\/#\/schema\/logo\/image\/"},"sameAs":["https:\/\/www.facebook.com\/Divella.IT\/","https:\/\/x.com\/divellaofficial","https:\/\/www.youtube.com\/channel\/UCfw9Jp-BYRM0T9qWR7RQK7A","https:\/\/www.instagram.com\/divellaofficial\/?hl=it","https:\/\/www.linkedin.com\/company\/f.-divella-spa\/?originalSubdomain=it"]}]}},"_links":{"self":[{"href":"https:\/\/www.divella.it\/it\/wp-json\/wp\/v2\/pages\/3864","targetHints":{"allow":["GET"]}}],"collection":[{"href":"https:\/\/www.divella.it\/it\/wp-json\/wp\/v2\/pages"}],"about":[{"href":"https:\/\/www.divella.it\/it\/wp-json\/wp\/v2\/types\/page"}],"author":[{"embeddable":true,"href":"https:\/\/www.divella.it\/it\/wp-json\/wp\/v2\/users\/8"}],"replies":[{"embeddable":true,"href":"https:\/\/www.divella.it\/it\/wp-json\/wp\/v2\/comments?post=3864"}],"version-history":[{"count":10,"href":"https:\/\/www.divella.it\/it\/wp-json\/wp\/v2\/pages\/3864\/revisions"}],"predecessor-version":[{"id":123821,"href":"https:\/\/www.divella.it\/it\/wp-json\/wp\/v2\/pages\/3864\/revisions\/123821"}],"wp:attachment":[{"href":"https:\/\/www.divella.it\/it\/wp-json\/wp\/v2\/media?parent=3864"}],"curies":[{"name":"wp","href":"https:\/\/api.w.org\/{rel}","templated":true}]}}