{"id":3852,"date":"2022-12-13T11:04:35","date_gmt":"2022-12-13T10:04:35","guid":{"rendered":"https:\/\/www.divella.it\/?page_id=3852"},"modified":"2025-12-30T11:29:42","modified_gmt":"2025-12-30T10:29:42","slug":"informativa-contatti","status":"publish","type":"page","link":"https:\/\/www.divella.it\/it\/informativa-contatti\/","title":{"rendered":"Informativa Contatti"},"content":{"rendered":"<div class=\"wpb-content-wrapper\"><p>[vc_row el_class=&#8221;backgrounded first_row&#8221;][vc_column width=&#8221;1\/12&#8243; offset=&#8221;vc_col-lg-2&#8243;][\/vc_column][vc_column width=&#8221;5\/6&#8243; offset=&#8221;vc_col-lg-8&#8243;][vc_empty_space height=&#8221;80px&#8221;][vc_column_text css=&#8221;&#8221; el_class=&#8221;text-center&#8221;]<\/p>\n<h1 class=\"opensans red bigopensans\">Informativa Contatti<\/h1>\n<p>[\/vc_column_text][vc_separator color=&#8221;mulled_wine&#8221;][vc_column_text]<\/p>\n<h4 style=\"text-align: center;\">Informativa ai sensi del Regolamento EU 2016\/679<\/h4>\n<p>Ai sensi dell&#8217;articolo 13 del Regolamento EU 679\/2016, F. Divella S.p.a. con sede in Largo D. Divella, 1, 70018 Rutigliano (BA), Titolare del trattamento, la informa che il trattamento dei suoi dati personali, effettuato con strumenti prevalentemente automatizzati, \u00e8 finalizzato ad inviarle la risposta alle sue richieste. Il conferimento dei dati \u00e8 necessario e un eventuale rifiuto pu\u00f2 comportare l\u2019impossibilit\u00e0 di perseguire le finalit\u00e0 su indicate. La base giuridica di tale trattamento \u00e8 la realizzazione di servizi a favore dell\u2019utente. I dati personali verranno conservati per la gestione delle richieste.<br \/>\nI dati, che non saranno diffusi, potranno essere comunicati a soggetti cui la facolt\u00e0 di accedere ai dati sia riconosciuta da disposizioni di legge e\/o di normativa secondaria.<br \/>\nLa informiamo, infine, che potr\u00e0 esercitare i diritti previsti del Regolamento a favore dell\u2019interessato, scrivendo a <a href=\"mailto:divella@divella.it\">divella@divella.it<\/a>. Lei potr\u00e0 pertanto chiedere di avere conoscenza dell\u2019origine dei dati nonch\u00e9 della logica e delle finalit\u00e0 del Trattamento; di ottenere la cancellazione, la trasformazione in forma anonima o il blocco dei dati trattati in violazione di legge, nonch\u00e9 l\u2019aggiornamento, la rettifica o, se vi \u00e8 interesse, l\u2019integrazione dei dati stessi; di opporsi, per motivi legittimi, al trattamento. \u00c8 garantito il diritto a revocare il consenso in qualsiasi momento senza pregiudicare la liceit\u00e0 del trattamento basata sul consenso prestato prima della revoca. \u00c8 garantito il diritto alla portabilit\u00e0 dei dati, a proporre reclamo a un&#8217;autorit\u00e0 di controllo.[\/vc_column_text][vc_column_text]F. Divella S.p.a.[\/vc_column_text][vc_empty_space][\/vc_column][vc_column width=&#8221;1\/12&#8243; offset=&#8221;vc_col-lg-2&#8243;][\/vc_column][\/vc_row]<\/p>\n<\/div>","protected":false},"excerpt":{"rendered":"<p>[vc_row el_class=&#8221;backgrounded first_row&#8221;][vc_column width=&#8221;1\/12&#8243; offset=&#8221;vc_col-lg-2&#8243;][\/vc_column][vc_column width=&#8221;5\/6&#8243; offset=&#8221;vc_col-lg-8&#8243;][vc_empty_space height=&#8221;80px&#8221;][vc_column_text css=&#8221;&#8221; el_class=&#8221;text-center&#8221;] Informativa Contatti [\/vc_column_text][vc_separator color=&#8221;mulled_wine&#8221;][vc_column_text] Informativa ai sensi del Regolamento EU 2016\/679 Ai sensi dell&#8217;articolo 13 del Regolamento EU 679\/2016, F. Divella S.p.a. con sede in Largo D. Divella, 1, 70018 Rutigliano (BA), Titolare del trattamento, la informa che il trattamento dei suoi dati personali, effettuato [&hellip;]<\/p>\n","protected":false},"author":8,"featured_media":0,"parent":0,"menu_order":0,"comment_status":"closed","ping_status":"closed","template":"page-full.php","meta":{"inline_featured_image":false,"footnotes":""},"class_list":["post-3852","page","type-page","status-publish","hentry"],"yoast_head":"<!-- This site is optimized with the Yoast SEO plugin v27.4 - https:\/\/yoast.com\/product\/yoast-seo-wordpress\/ -->\n<title>Informativa Contatti - Divella<\/title>\n<meta name=\"robots\" content=\"index, follow, max-snippet:-1, max-image-preview:large, max-video-preview:-1\" \/>\n<link rel=\"canonical\" href=\"https:\/\/www.divella.it\/it\/informativa-contatti\/\" \/>\n<meta property=\"og:locale\" content=\"it_IT\" \/>\n<meta property=\"og:type\" content=\"article\" \/>\n<meta property=\"og:title\" content=\"Informativa Contatti - Divella\" \/>\n<meta property=\"og:description\" content=\"[vc_row el_class=&#8221;backgrounded first_row&#8221;][vc_column width=&#8221;1\/12&#8243; offset=&#8221;vc_col-lg-2&#8243;][\/vc_column][vc_column width=&#8221;5\/6&#8243; offset=&#8221;vc_col-lg-8&#8243;][vc_empty_space height=&#8221;80px&#8221;][vc_column_text css=&#8221;&#8221; el_class=&#8221;text-center&#8221;] Informativa Contatti [\/vc_column_text][vc_separator color=&#8221;mulled_wine&#8221;][vc_column_text] Informativa ai sensi del Regolamento EU 2016\/679 Ai sensi dell&#8217;articolo 13 del Regolamento EU 679\/2016, F. Divella S.p.a. con sede in Largo D. Divella, 1, 70018 Rutigliano (BA), Titolare del trattamento, la informa che il trattamento dei suoi dati personali, effettuato [&hellip;]\" \/>\n<meta property=\"og:url\" content=\"https:\/\/www.divella.it\/it\/informativa-contatti\/\" \/>\n<meta property=\"og:site_name\" content=\"Divella\" \/>\n<meta property=\"article:publisher\" content=\"https:\/\/www.facebook.com\/Divella.IT\/\" \/>\n<meta property=\"article:modified_time\" content=\"2025-12-30T10:29:42+00:00\" \/>\n<meta name=\"twitter:card\" content=\"summary_large_image\" \/>\n<meta name=\"twitter:site\" content=\"@divellaofficial\" \/>\n<meta name=\"twitter:label1\" content=\"Tempo di lettura stimato\" \/>\n\t<meta name=\"twitter:data1\" content=\"2 minuti\" \/>\n<script type=\"application\/ld+json\" class=\"yoast-schema-graph\">{\"@context\":\"https:\\\/\\\/schema.org\",\"@graph\":[{\"@type\":\"WebPage\",\"@id\":\"https:\\\/\\\/www.divella.it\\\/it\\\/informativa-contatti\\\/\",\"url\":\"https:\\\/\\\/www.divella.it\\\/it\\\/informativa-contatti\\\/\",\"name\":\"Informativa Contatti - Divella\",\"isPartOf\":{\"@id\":\"https:\\\/\\\/www.divella.it\\\/it\\\/#website\"},\"datePublished\":\"2022-12-13T10:04:35+00:00\",\"dateModified\":\"2025-12-30T10:29:42+00:00\",\"breadcrumb\":{\"@id\":\"https:\\\/\\\/www.divella.it\\\/it\\\/informativa-contatti\\\/#breadcrumb\"},\"inLanguage\":\"it-IT\",\"potentialAction\":[{\"@type\":\"ReadAction\",\"target\":[\"https:\\\/\\\/www.divella.it\\\/it\\\/informativa-contatti\\\/\"]}]},{\"@type\":\"BreadcrumbList\",\"@id\":\"https:\\\/\\\/www.divella.it\\\/it\\\/informativa-contatti\\\/#breadcrumb\",\"itemListElement\":[{\"@type\":\"ListItem\",\"position\":1,\"name\":\"Home\",\"item\":\"https:\\\/\\\/www.divella.it\\\/it\\\/\"},{\"@type\":\"ListItem\",\"position\":2,\"name\":\"Informativa Contatti\"}]},{\"@type\":\"WebSite\",\"@id\":\"https:\\\/\\\/www.divella.it\\\/it\\\/#website\",\"url\":\"https:\\\/\\\/www.divella.it\\\/it\\\/\",\"name\":\"Divella\",\"description\":\"\",\"publisher\":{\"@id\":\"https:\\\/\\\/www.divella.it\\\/it\\\/#organization\"},\"potentialAction\":[{\"@type\":\"SearchAction\",\"target\":{\"@type\":\"EntryPoint\",\"urlTemplate\":\"https:\\\/\\\/www.divella.it\\\/it\\\/?s={search_term_string}\"},\"query-input\":{\"@type\":\"PropertyValueSpecification\",\"valueRequired\":true,\"valueName\":\"search_term_string\"}}],\"inLanguage\":\"it-IT\"},{\"@type\":\"Organization\",\"@id\":\"https:\\\/\\\/www.divella.it\\\/it\\\/#organization\",\"name\":\"Divella\",\"url\":\"https:\\\/\\\/www.divella.it\\\/it\\\/\",\"logo\":{\"@type\":\"ImageObject\",\"inLanguage\":\"it-IT\",\"@id\":\"https:\\\/\\\/www.divella.it\\\/it\\\/#\\\/schema\\\/logo\\\/image\\\/\",\"url\":\"https:\\\/\\\/www.divella.it\\\/wp-content\\\/uploads\\\/2023\\\/01\\\/logo-divella.jpg\",\"contentUrl\":\"https:\\\/\\\/www.divella.it\\\/wp-content\\\/uploads\\\/2023\\\/01\\\/logo-divella.jpg\",\"width\":200,\"height\":151,\"caption\":\"Divella\"},\"image\":{\"@id\":\"https:\\\/\\\/www.divella.it\\\/it\\\/#\\\/schema\\\/logo\\\/image\\\/\"},\"sameAs\":[\"https:\\\/\\\/www.facebook.com\\\/Divella.IT\\\/\",\"https:\\\/\\\/x.com\\\/divellaofficial\",\"https:\\\/\\\/www.youtube.com\\\/channel\\\/UCfw9Jp-BYRM0T9qWR7RQK7A\",\"https:\\\/\\\/www.instagram.com\\\/divellaofficial\\\/?hl=it\",\"https:\\\/\\\/www.linkedin.com\\\/company\\\/f.-divella-spa\\\/?originalSubdomain=it\"]}]}<\/script>\n<!-- \/ Yoast SEO plugin. -->","yoast_head_json":{"title":"Informativa Contatti - Divella","robots":{"index":"index","follow":"follow","max-snippet":"max-snippet:-1","max-image-preview":"max-image-preview:large","max-video-preview":"max-video-preview:-1"},"canonical":"https:\/\/www.divella.it\/it\/informativa-contatti\/","og_locale":"it_IT","og_type":"article","og_title":"Informativa Contatti - Divella","og_description":"[vc_row el_class=&#8221;backgrounded first_row&#8221;][vc_column width=&#8221;1\/12&#8243; offset=&#8221;vc_col-lg-2&#8243;][\/vc_column][vc_column width=&#8221;5\/6&#8243; offset=&#8221;vc_col-lg-8&#8243;][vc_empty_space height=&#8221;80px&#8221;][vc_column_text css=&#8221;&#8221; el_class=&#8221;text-center&#8221;] Informativa Contatti [\/vc_column_text][vc_separator color=&#8221;mulled_wine&#8221;][vc_column_text] Informativa ai sensi del Regolamento EU 2016\/679 Ai sensi dell&#8217;articolo 13 del Regolamento EU 679\/2016, F. Divella S.p.a. con sede in Largo D. Divella, 1, 70018 Rutigliano (BA), Titolare del trattamento, la informa che il trattamento dei suoi dati personali, effettuato [&hellip;]","og_url":"https:\/\/www.divella.it\/it\/informativa-contatti\/","og_site_name":"Divella","article_publisher":"https:\/\/www.facebook.com\/Divella.IT\/","article_modified_time":"2025-12-30T10:29:42+00:00","twitter_card":"summary_large_image","twitter_site":"@divellaofficial","twitter_misc":{"Tempo di lettura stimato":"2 minuti"},"schema":{"@context":"https:\/\/schema.org","@graph":[{"@type":"WebPage","@id":"https:\/\/www.divella.it\/it\/informativa-contatti\/","url":"https:\/\/www.divella.it\/it\/informativa-contatti\/","name":"Informativa Contatti - Divella","isPartOf":{"@id":"https:\/\/www.divella.it\/it\/#website"},"datePublished":"2022-12-13T10:04:35+00:00","dateModified":"2025-12-30T10:29:42+00:00","breadcrumb":{"@id":"https:\/\/www.divella.it\/it\/informativa-contatti\/#breadcrumb"},"inLanguage":"it-IT","potentialAction":[{"@type":"ReadAction","target":["https:\/\/www.divella.it\/it\/informativa-contatti\/"]}]},{"@type":"BreadcrumbList","@id":"https:\/\/www.divella.it\/it\/informativa-contatti\/#breadcrumb","itemListElement":[{"@type":"ListItem","position":1,"name":"Home","item":"https:\/\/www.divella.it\/it\/"},{"@type":"ListItem","position":2,"name":"Informativa Contatti"}]},{"@type":"WebSite","@id":"https:\/\/www.divella.it\/it\/#website","url":"https:\/\/www.divella.it\/it\/","name":"Divella","description":"","publisher":{"@id":"https:\/\/www.divella.it\/it\/#organization"},"potentialAction":[{"@type":"SearchAction","target":{"@type":"EntryPoint","urlTemplate":"https:\/\/www.divella.it\/it\/?s={search_term_string}"},"query-input":{"@type":"PropertyValueSpecification","valueRequired":true,"valueName":"search_term_string"}}],"inLanguage":"it-IT"},{"@type":"Organization","@id":"https:\/\/www.divella.it\/it\/#organization","name":"Divella","url":"https:\/\/www.divella.it\/it\/","logo":{"@type":"ImageObject","inLanguage":"it-IT","@id":"https:\/\/www.divella.it\/it\/#\/schema\/logo\/image\/","url":"https:\/\/www.divella.it\/wp-content\/uploads\/2023\/01\/logo-divella.jpg","contentUrl":"https:\/\/www.divella.it\/wp-content\/uploads\/2023\/01\/logo-divella.jpg","width":200,"height":151,"caption":"Divella"},"image":{"@id":"https:\/\/www.divella.it\/it\/#\/schema\/logo\/image\/"},"sameAs":["https:\/\/www.facebook.com\/Divella.IT\/","https:\/\/x.com\/divellaofficial","https:\/\/www.youtube.com\/channel\/UCfw9Jp-BYRM0T9qWR7RQK7A","https:\/\/www.instagram.com\/divellaofficial\/?hl=it","https:\/\/www.linkedin.com\/company\/f.-divella-spa\/?originalSubdomain=it"]}]}},"_links":{"self":[{"href":"https:\/\/www.divella.it\/it\/wp-json\/wp\/v2\/pages\/3852","targetHints":{"allow":["GET"]}}],"collection":[{"href":"https:\/\/www.divella.it\/it\/wp-json\/wp\/v2\/pages"}],"about":[{"href":"https:\/\/www.divella.it\/it\/wp-json\/wp\/v2\/types\/page"}],"author":[{"embeddable":true,"href":"https:\/\/www.divella.it\/it\/wp-json\/wp\/v2\/users\/8"}],"replies":[{"embeddable":true,"href":"https:\/\/www.divella.it\/it\/wp-json\/wp\/v2\/comments?post=3852"}],"version-history":[{"count":4,"href":"https:\/\/www.divella.it\/it\/wp-json\/wp\/v2\/pages\/3852\/revisions"}],"predecessor-version":[{"id":123847,"href":"https:\/\/www.divella.it\/it\/wp-json\/wp\/v2\/pages\/3852\/revisions\/123847"}],"wp:attachment":[{"href":"https:\/\/www.divella.it\/it\/wp-json\/wp\/v2\/media?parent=3852"}],"curies":[{"name":"wp","href":"https:\/\/api.w.org\/{rel}","templated":true}]}}