{"id":3,"date":"2022-10-06T22:35:08","date_gmt":"2022-10-06T20:35:08","guid":{"rendered":"https:\/\/www.divella.it\/?page_id=3"},"modified":"2025-12-30T12:38:14","modified_gmt":"2025-12-30T11:38:14","slug":"privacy-policy","status":"publish","type":"page","link":"https:\/\/www.divella.it\/it\/privacy-policy\/","title":{"rendered":"Privacy Policy"},"content":{"rendered":"<div class=\"wpb-content-wrapper\"><p>[vc_row][vc_column width=&#8221;1\/12&#8243; offset=&#8221;vc_col-lg-2&#8243;][\/vc_column][vc_column width=&#8221;5\/6&#8243; offset=&#8221;vc_col-lg-8&#8243;][vc_empty_space height=&#8221;60&#8243;][vc_column_text css=&#8221;&#8221;]<\/p>\n<div class=\"opensans red bigopensans\" style=\"text-align: center;\">Privacy Policy<\/div>\n<p>[\/vc_column_text][vc_separator color=&#8221;mulled_wine&#8221;][vc_column_text css=&#8221;&#8221;]<\/p>\n<div class=\"opensans bigopensans\">Informativa<\/div>\n<p>In questa pagina si descrivono le modalit\u00e0 di gestione del sito internet www.divella.it. In riferimento al trattamento dei dati personali degli utenti che lo consultano. Si tratta di un&#8217;informativa che \u00e8 resa ai sensi del Regolamento Europeo 679\/2016 dettato in materia di protezione delle persone fisiche con riguardo al trattamento dei dati personali, nonch\u00e9 alla libera circolazione di tali dati (di seguito anche Regolamento) per gli utenti dei servizi del nostro sito, che vengono erogati via internet. L&#8217;informativa non \u00e8 valida per altri siti web eventualmente consultabili attraverso i nostri link, di cui F. Divella S.p.a. non \u00e8 in alcun modo responsabile.<\/p>\n<div class=\"opensans bigopensans\">Il titolare del trattamento<\/div>\n<p>Il Titolare del trattamento dei dati personali trattati a seguito della consultazione del nostro sito, \u00e8 F. Divella S.p.a., (in seguito Divella), con sede legale in Largo D. Divella, 1, 70018 Rutigliano (BA), P.IVA 00257660720.<\/p>\n<div class=\"opensans bigopensans\">Luogo e finalit\u00e0 e comunicazione dei dati<\/div>\n<p>I trattamenti connessi ai servizi web di questo sito hanno luogo presso la predetta sede della Societ\u00e0 e sono curati da dipendenti e collaboratori di Divella incaricati del trattamento. I dati derivanti dal Sito potranno essere comunicati ai soggetti che si occupano della gestione del sito, a partner tecnologici e strumentali di cui il Titolare si avvale per l&#8217;erogazione dei servizi richiesti dagli utenti, nonch\u00e9 a soggetti cui la facolt\u00e0 di accedere ai dati sia riconosciuta da disposizioni di legge e\/o di normativa secondaria. I dati personali forniti dagli utenti che inoltrano richieste di invio di materiale informativo (richieste di informazioni, risposte a quesiti, ecc.) o altre comunicazioni sono utilizzati al solo fine di eseguire il servizio o la prestazione richiesta e sono comunicati a terzi nel solo caso in cui ci\u00f2 sia a tal fine necessario.<\/p>\n<div class=\"opensans bigopensans\">Tipi di dati trattati<\/div>\n<div class=\"opensans bigopensans\"><small>Dati di navigazione<\/small><\/div>\n<p>I sistemi informatici e le procedure software preposte al funzionamento di questo sito web acquisiscono, nel corso del loro normale esercizio, alcuni dati personali la cui trasmissione \u00e8 implicita nell&#8217;uso dei protocolli di comunicazione di Internet.<\/p>\n<p>Si tratta di informazioni che non sono raccolte per essere associate a interessati identificati, ma che per loro stessa natura potrebbero, attraverso elaborazioni ed associazioni con dati detenuti da terzi, permettere di identificare gli utenti.<\/p>\n<p>In questa categoria di dati rientrano gli indirizzi IP o i nomi a dominio dei computer utilizzati dagli utenti che si connettono al sito, gli indirizzi in notazione URI (Uniform Resource Identifier) delle risorse richieste, l&#8217;orario della richiesta, il metodo utilizzato nel sottoporre la richiesta al server, la dimensione del file ottenuto in risposta, il codice numerico indicante lo stato della risposta data dal server (buon fine, errore, ecc.) ed altri parametri relativi al sistema operativo e all&#8217;ambiente informatico dell&#8217;utente.<\/p>\n<p>Questi dati vengono utilizzati al solo fine di ricavare informazioni statistiche anonime sull&#8217;uso del sito e per controllarne il corretto funzionamento e vengono cancellati immediatamente dopo l&#8217;elaborazione. I dati potrebbero essere utilizzati per l&#8217;accertamento di responsabilit\u00e0 in caso di ipotetici reati informatici ai danni del sito.<\/p>\n<div class=\"opensans bigopensans\"><small>Dati forniti volontariamente dall&#8217;utente<\/small><\/div>\n<p>L&#8217;invio facoltativo, esplicito e volontario di posta elettronica agli indirizzi indicati su questo sito comporta la successiva acquisizione dell&#8217;indirizzo del mittente, necessario per rispondere alle richieste, nonch\u00e9 degli eventuali altri dati personali inseriti nella missiva.<\/p>\n<p>Specifiche informative di sintesi verranno progressivamente riportate o visualizzate nelle pagine del sito predisposte per particolari servizi a richiesta.<\/p>\n<div class=\"dotties bigopensans\"><small>Cookies<\/small><\/div>\n<p>Il presente sito web utilizza cookie e tecnologie simili per garantire il corretto funzionamento delle procedure e migliorare l&#8217;esperienza di uso delle applicazioni online. Per cookies si intende un elemento testuale che viene inserito nel disco fisso di un computer. I cookies hanno la funzione di snellire l\u2019analisi del traffico su web o di segnalare quando un sito specifico viene visitato e consentono alle applicazioni web di inviare informazioni a singoli utenti.<br \/>\nPer ulteriori informazioni sull&#8217;utilizzo dei cookie consultare la relativa policy a questo indirizzo: https:\/\/divella.it\/it\/cookie-policy\/.<\/p>\n<div class=\"opensans bigopensans\">Facoltativit\u00e0 del conferimento dei dati<\/div>\n<p>A parte quanto specificato per i dati di navigazione, l\u2019utente \u00e8 libero di fornire i dati personali per richiedere i servizi offerti dalla societ\u00e0. Il loro mancato conferimento pu\u00f2 comportare l\u2019impossibilit\u00e0 di ottenere il servizio richiesto.<\/p>\n<div class=\"opensans bigopensans\">Modalit\u00e0 di trattamento, conservazione dei dati e base giuridica<\/div>\n<p>I dati personali sono trattati con strumenti manuali e automatizzati, in ottemperanza alle prescrizioni del Regolamento. I dati saranno conservati solo per il tempo necessario a conseguire lo scopo per il quale sono stati raccolti, salve esigenze diverse derivanti da obblighi di legge. In seguito, i dati personali saranno cancellati.<\/p>\n<p>I dati personali oggetto di trattamento saranno custoditi in modo da ridurre al minimo, mediante l&#8217;adozione di idonee e preventive misure di sicurezza, i rischi di distruzione o perdita, anche accidentale, dei dati stessi, di accesso non autorizzato o di trattamento non consentito o non conforme alle finalit\u00e0 della raccolta.<\/p>\n<p>La base giuridica del trattamento dei dati personali \u00e8 l\u2019erogazione di un servizio o il riscontro ad una richiesta a favore dell\u2019interessato.<\/p>\n<div class=\"opensans bigopensans\">Diritti degli interessati<\/div>\n<p>In relazione al trattamento di dati personali l&#8217;interessato potr\u00e0 rivolgersi al Titolare scrivendo all\u2019indirizzo e-mail: divella@divella.it, per far valere i Suoi diritti cos\u00ec come previsto dal Regolamento: nello specifico potr\u00e0 richiedere l&#8217;accesso, la rettifica, l&#8217;aggiornamento, il blocco, la revoca del consenso in conformit\u00e0 con le norme applicabili, la limitazione del trattamento, la portabilit\u00e0 dei dati e la cancellazione degli stessi.<\/p>\n<p>Le ricordiamo infine, che lei ha il diritto di presentare un reclamo all\u2019Autorit\u00e0 di controllo.<\/p>\n<p>In questo sito web utilizziamo i cookie per garantire il corretto funzionamento tecnico delle pagine web e per eseguire attivit\u00e0 di analisi del traffico utenti. Nella tabella seguente elenchiamo i cookie utilizzati da questo sito al fine di dare all&#8217;utente la possibilit\u00e0 di revocare o modificare il proprio consenso.[\/vc_column_text][vc_column_text css=&#8221;&#8221;]<\/p>\n<div class=\"dotties bigdotties\">Elenco informative dettagliate<\/div>\n<ul>\n<li><a href=\"\/it\/informativa-contatti\/\">Informativa contatti<\/a><\/li>\n<li><a href=\"\/it\/informativa-lavora-con-noi\/\">Informativa lavora con noi<\/a><\/li>\n<li><a href=\"\/it\/informativa-newsletter\/\">Informativa newsletter<\/a><\/li>\n<li><a href=\"\/it\/informativa-consumatore\/\">Informativa consumatore<\/a><\/li>\n<li><a href=\"\/it\/informativa-registrazione\/\">Informativa registrazione<\/a><\/li>\n<\/ul>\n<p>[\/vc_column_text][\/vc_column][vc_column width=&#8221;1\/12&#8243; offset=&#8221;vc_col-lg-2&#8243;][\/vc_column][\/vc_row]<\/p>\n<\/div>","protected":false},"excerpt":{"rendered":"<p>[vc_row][vc_column width=&#8221;1\/12&#8243; offset=&#8221;vc_col-lg-2&#8243;][\/vc_column][vc_column width=&#8221;5\/6&#8243; offset=&#8221;vc_col-lg-8&#8243;][vc_empty_space height=&#8221;60&#8243;][vc_column_text css=&#8221;&#8221;] Privacy Policy [\/vc_column_text][vc_separator color=&#8221;mulled_wine&#8221;][vc_column_text css=&#8221;&#8221;] Informativa In questa pagina si descrivono le modalit\u00e0 di gestione del sito internet www.divella.it. In riferimento al trattamento dei dati personali degli utenti che lo consultano. Si tratta di un&#8217;informativa che \u00e8 resa ai sensi del Regolamento Europeo 679\/2016 dettato in materia di [&hellip;]<\/p>\n","protected":false},"author":1,"featured_media":0,"parent":0,"menu_order":0,"comment_status":"closed","ping_status":"open","template":"page-full.php","meta":{"inline_featured_image":false,"footnotes":""},"class_list":["post-3","page","type-page","status-publish","hentry"],"yoast_head":"<!-- This site is optimized with the Yoast SEO plugin v27.4 - https:\/\/yoast.com\/product\/yoast-seo-wordpress\/ -->\n<title>Privacy Policy - Divella<\/title>\n<meta name=\"robots\" content=\"index, follow, max-snippet:-1, max-image-preview:large, max-video-preview:-1\" \/>\n<link rel=\"canonical\" href=\"https:\/\/www.divella.it\/it\/privacy-policy\/\" \/>\n<meta property=\"og:locale\" content=\"it_IT\" \/>\n<meta property=\"og:type\" content=\"article\" \/>\n<meta property=\"og:title\" content=\"Privacy Policy - Divella\" \/>\n<meta property=\"og:description\" content=\"[vc_row][vc_column width=&#8221;1\/12&#8243; offset=&#8221;vc_col-lg-2&#8243;][\/vc_column][vc_column width=&#8221;5\/6&#8243; offset=&#8221;vc_col-lg-8&#8243;][vc_empty_space height=&#8221;60&#8243;][vc_column_text css=&#8221;&#8221;] Privacy Policy [\/vc_column_text][vc_separator color=&#8221;mulled_wine&#8221;][vc_column_text css=&#8221;&#8221;] Informativa In questa pagina si descrivono le modalit\u00e0 di gestione del sito internet www.divella.it. In riferimento al trattamento dei dati personali degli utenti che lo consultano. Si tratta di un&#8217;informativa che \u00e8 resa ai sensi del Regolamento Europeo 679\/2016 dettato in materia di [&hellip;]\" \/>\n<meta property=\"og:url\" content=\"https:\/\/www.divella.it\/it\/privacy-policy\/\" \/>\n<meta property=\"og:site_name\" content=\"Divella\" \/>\n<meta property=\"article:publisher\" content=\"https:\/\/www.facebook.com\/Divella.IT\/\" \/>\n<meta property=\"article:modified_time\" content=\"2025-12-30T11:38:14+00:00\" \/>\n<meta name=\"twitter:card\" content=\"summary_large_image\" \/>\n<meta name=\"twitter:site\" content=\"@divellaofficial\" \/>\n<meta name=\"twitter:label1\" content=\"Tempo di lettura stimato\" \/>\n\t<meta name=\"twitter:data1\" content=\"6 minuti\" \/>\n<script type=\"application\/ld+json\" class=\"yoast-schema-graph\">{\"@context\":\"https:\\\/\\\/schema.org\",\"@graph\":[{\"@type\":\"WebPage\",\"@id\":\"https:\\\/\\\/www.divella.it\\\/it\\\/privacy-policy\\\/\",\"url\":\"https:\\\/\\\/www.divella.it\\\/it\\\/privacy-policy\\\/\",\"name\":\"Privacy Policy - Divella\",\"isPartOf\":{\"@id\":\"https:\\\/\\\/www.divella.it\\\/it\\\/#website\"},\"datePublished\":\"2022-10-06T20:35:08+00:00\",\"dateModified\":\"2025-12-30T11:38:14+00:00\",\"breadcrumb\":{\"@id\":\"https:\\\/\\\/www.divella.it\\\/it\\\/privacy-policy\\\/#breadcrumb\"},\"inLanguage\":\"it-IT\",\"potentialAction\":[{\"@type\":\"ReadAction\",\"target\":[\"https:\\\/\\\/www.divella.it\\\/it\\\/privacy-policy\\\/\"]}]},{\"@type\":\"BreadcrumbList\",\"@id\":\"https:\\\/\\\/www.divella.it\\\/it\\\/privacy-policy\\\/#breadcrumb\",\"itemListElement\":[{\"@type\":\"ListItem\",\"position\":1,\"name\":\"Home\",\"item\":\"https:\\\/\\\/www.divella.it\\\/it\\\/\"},{\"@type\":\"ListItem\",\"position\":2,\"name\":\"Privacy Policy\"}]},{\"@type\":\"WebSite\",\"@id\":\"https:\\\/\\\/www.divella.it\\\/it\\\/#website\",\"url\":\"https:\\\/\\\/www.divella.it\\\/it\\\/\",\"name\":\"Divella\",\"description\":\"\",\"publisher\":{\"@id\":\"https:\\\/\\\/www.divella.it\\\/it\\\/#organization\"},\"potentialAction\":[{\"@type\":\"SearchAction\",\"target\":{\"@type\":\"EntryPoint\",\"urlTemplate\":\"https:\\\/\\\/www.divella.it\\\/it\\\/?s={search_term_string}\"},\"query-input\":{\"@type\":\"PropertyValueSpecification\",\"valueRequired\":true,\"valueName\":\"search_term_string\"}}],\"inLanguage\":\"it-IT\"},{\"@type\":\"Organization\",\"@id\":\"https:\\\/\\\/www.divella.it\\\/it\\\/#organization\",\"name\":\"Divella\",\"url\":\"https:\\\/\\\/www.divella.it\\\/it\\\/\",\"logo\":{\"@type\":\"ImageObject\",\"inLanguage\":\"it-IT\",\"@id\":\"https:\\\/\\\/www.divella.it\\\/it\\\/#\\\/schema\\\/logo\\\/image\\\/\",\"url\":\"https:\\\/\\\/www.divella.it\\\/wp-content\\\/uploads\\\/2023\\\/01\\\/logo-divella.jpg\",\"contentUrl\":\"https:\\\/\\\/www.divella.it\\\/wp-content\\\/uploads\\\/2023\\\/01\\\/logo-divella.jpg\",\"width\":200,\"height\":151,\"caption\":\"Divella\"},\"image\":{\"@id\":\"https:\\\/\\\/www.divella.it\\\/it\\\/#\\\/schema\\\/logo\\\/image\\\/\"},\"sameAs\":[\"https:\\\/\\\/www.facebook.com\\\/Divella.IT\\\/\",\"https:\\\/\\\/x.com\\\/divellaofficial\",\"https:\\\/\\\/www.youtube.com\\\/channel\\\/UCfw9Jp-BYRM0T9qWR7RQK7A\",\"https:\\\/\\\/www.instagram.com\\\/divellaofficial\\\/?hl=it\",\"https:\\\/\\\/www.linkedin.com\\\/company\\\/f.-divella-spa\\\/?originalSubdomain=it\"]}]}<\/script>\n<!-- \/ Yoast SEO plugin. -->","yoast_head_json":{"title":"Privacy Policy - Divella","robots":{"index":"index","follow":"follow","max-snippet":"max-snippet:-1","max-image-preview":"max-image-preview:large","max-video-preview":"max-video-preview:-1"},"canonical":"https:\/\/www.divella.it\/it\/privacy-policy\/","og_locale":"it_IT","og_type":"article","og_title":"Privacy Policy - Divella","og_description":"[vc_row][vc_column width=&#8221;1\/12&#8243; offset=&#8221;vc_col-lg-2&#8243;][\/vc_column][vc_column width=&#8221;5\/6&#8243; offset=&#8221;vc_col-lg-8&#8243;][vc_empty_space height=&#8221;60&#8243;][vc_column_text css=&#8221;&#8221;] Privacy Policy [\/vc_column_text][vc_separator color=&#8221;mulled_wine&#8221;][vc_column_text css=&#8221;&#8221;] Informativa In questa pagina si descrivono le modalit\u00e0 di gestione del sito internet www.divella.it. In riferimento al trattamento dei dati personali degli utenti che lo consultano. Si tratta di un&#8217;informativa che \u00e8 resa ai sensi del Regolamento Europeo 679\/2016 dettato in materia di [&hellip;]","og_url":"https:\/\/www.divella.it\/it\/privacy-policy\/","og_site_name":"Divella","article_publisher":"https:\/\/www.facebook.com\/Divella.IT\/","article_modified_time":"2025-12-30T11:38:14+00:00","twitter_card":"summary_large_image","twitter_site":"@divellaofficial","twitter_misc":{"Tempo di lettura stimato":"6 minuti"},"schema":{"@context":"https:\/\/schema.org","@graph":[{"@type":"WebPage","@id":"https:\/\/www.divella.it\/it\/privacy-policy\/","url":"https:\/\/www.divella.it\/it\/privacy-policy\/","name":"Privacy Policy - Divella","isPartOf":{"@id":"https:\/\/www.divella.it\/it\/#website"},"datePublished":"2022-10-06T20:35:08+00:00","dateModified":"2025-12-30T11:38:14+00:00","breadcrumb":{"@id":"https:\/\/www.divella.it\/it\/privacy-policy\/#breadcrumb"},"inLanguage":"it-IT","potentialAction":[{"@type":"ReadAction","target":["https:\/\/www.divella.it\/it\/privacy-policy\/"]}]},{"@type":"BreadcrumbList","@id":"https:\/\/www.divella.it\/it\/privacy-policy\/#breadcrumb","itemListElement":[{"@type":"ListItem","position":1,"name":"Home","item":"https:\/\/www.divella.it\/it\/"},{"@type":"ListItem","position":2,"name":"Privacy Policy"}]},{"@type":"WebSite","@id":"https:\/\/www.divella.it\/it\/#website","url":"https:\/\/www.divella.it\/it\/","name":"Divella","description":"","publisher":{"@id":"https:\/\/www.divella.it\/it\/#organization"},"potentialAction":[{"@type":"SearchAction","target":{"@type":"EntryPoint","urlTemplate":"https:\/\/www.divella.it\/it\/?s={search_term_string}"},"query-input":{"@type":"PropertyValueSpecification","valueRequired":true,"valueName":"search_term_string"}}],"inLanguage":"it-IT"},{"@type":"Organization","@id":"https:\/\/www.divella.it\/it\/#organization","name":"Divella","url":"https:\/\/www.divella.it\/it\/","logo":{"@type":"ImageObject","inLanguage":"it-IT","@id":"https:\/\/www.divella.it\/it\/#\/schema\/logo\/image\/","url":"https:\/\/www.divella.it\/wp-content\/uploads\/2023\/01\/logo-divella.jpg","contentUrl":"https:\/\/www.divella.it\/wp-content\/uploads\/2023\/01\/logo-divella.jpg","width":200,"height":151,"caption":"Divella"},"image":{"@id":"https:\/\/www.divella.it\/it\/#\/schema\/logo\/image\/"},"sameAs":["https:\/\/www.facebook.com\/Divella.IT\/","https:\/\/x.com\/divellaofficial","https:\/\/www.youtube.com\/channel\/UCfw9Jp-BYRM0T9qWR7RQK7A","https:\/\/www.instagram.com\/divellaofficial\/?hl=it","https:\/\/www.linkedin.com\/company\/f.-divella-spa\/?originalSubdomain=it"]}]}},"_links":{"self":[{"href":"https:\/\/www.divella.it\/it\/wp-json\/wp\/v2\/pages\/3","targetHints":{"allow":["GET"]}}],"collection":[{"href":"https:\/\/www.divella.it\/it\/wp-json\/wp\/v2\/pages"}],"about":[{"href":"https:\/\/www.divella.it\/it\/wp-json\/wp\/v2\/types\/page"}],"author":[{"embeddable":true,"href":"https:\/\/www.divella.it\/it\/wp-json\/wp\/v2\/users\/1"}],"replies":[{"embeddable":true,"href":"https:\/\/www.divella.it\/it\/wp-json\/wp\/v2\/comments?post=3"}],"version-history":[{"count":30,"href":"https:\/\/www.divella.it\/it\/wp-json\/wp\/v2\/pages\/3\/revisions"}],"predecessor-version":[{"id":123863,"href":"https:\/\/www.divella.it\/it\/wp-json\/wp\/v2\/pages\/3\/revisions\/123863"}],"wp:attachment":[{"href":"https:\/\/www.divella.it\/it\/wp-json\/wp\/v2\/media?parent=3"}],"curies":[{"name":"wp","href":"https:\/\/api.w.org\/{rel}","templated":true}]}}