{"id":1097,"date":"2022-11-03T15:15:38","date_gmt":"2022-11-03T14:15:38","guid":{"rendered":"https:\/\/www.divella.it\/?page_id=1097"},"modified":"2025-12-30T11:07:55","modified_gmt":"2025-12-30T10:07:55","slug":"informativa-consumatore","status":"publish","type":"page","link":"https:\/\/www.divella.it\/it\/informativa-consumatore\/","title":{"rendered":"Informativa Consumatore"},"content":{"rendered":"<div class=\"wpb-content-wrapper\"><p>[vc_row el_class=&#8221;backgrounded first_row&#8221;][vc_column width=&#8221;1\/12&#8243; offset=&#8221;vc_col-lg-2&#8243;][\/vc_column][vc_column width=&#8221;5\/6&#8243; offset=&#8221;vc_col-lg-8&#8243;][vc_empty_space height=&#8221;80px&#8221;][vc_column_text css=&#8221;&#8221; el_class=&#8221;text-center&#8221;]<\/p>\n<h1 class=\"opensans red bigopensans\">Informativa privacy consumatore<\/h1>\n<p>[\/vc_column_text][vc_separator color=&#8221;mulled_wine&#8221;][vc_column_text css=&#8221;&#8221;]<\/p>\n<h4 style=\"text-align: center;\">Informativa ai sensi dell\u2019art. 13 del Regolamento UE 2016\/679 \u2013 Consumatore<\/h4>\n<p>Questa informativa viene fornita ai sensi dell\u2019art. 13 del Regolamento EU 2016\/679 (di seguito anche Regolamento); secondo la legge indicata, tale trattamento sar\u00e0 improntato ai principi di correttezza, liceit\u00e0 e trasparenza e di tutela della Sua riservatezza e dei Suoi diritti.<br \/>\nPertanto, F. Divella S.p.a., con sede legale in Largo D. Divella, 1, 70018 Rutigliano (BA), Titolare del trattamento, La informa che il trattamento dei suoi dati \u00e8 effettuato con strumenti prevalentemente automatizzati adottando misure di sicurezza tali da garantire la tutela e la massima riservatezza dei dati trattati, per lo svolgimento dell\u2019esecuzione di obblighi derivanti dal contratto del quale Lei \u00e8 parte come interessato, di attivit\u00e0 amministrative e contabili, di verifica del credito, attivit\u00e0 statistica, nonch\u00e9 di adempimenti fiscali in base ad obblighi stabiliti da legge o regolamento. Sar\u00e0 necessario anche il conferimento di un dato di contatto (telefono o cellulare) per permetterci di confermare l\u2019ordine e le modalit\u00e0 di consegna del prodotto; la base giuridica del trattamento \u00e8 la gestione del contratto e l\u2019espletamento di obblighi normativi. Il conferimento dei dati \u00e8 necessario e saranno conservati per i tempi previsti dalla normativa di riferimento, e comunque per 10 anni.<br \/>\nI dati, che non saranno diffusi, potranno essere comunicati ad istituti bancari per la gestione degli obblighi derivanti dall\u2019esecuzione del contratto; a societ\u00e0 terze che svolgono per conto di Titolare attivit\u00e0 connesse e strumentali alla gestione del contratto; ad enti, consorzi o associazioni che si occupano della valutazione della solvibilit\u00e0 e del comportamento debitorio; a soggetti ai quali sia riconosciuta la facolt\u00e0 di accedere ai dati da disposizioni di legge e\/o di normativa secondaria.<\/p>\n<p><b>I dati non saranno trasferiti fuori dall\u2019Unione europea.<\/b><br \/>\nLa informiamo, infine, che potr\u00e0 contattare il Titolare nonch\u00e9 esercitare i diritti contemplati dall\u2019art. 12 del Regolamento, scrivendo a\u00a0<a href=\"mailto:divella@divella.it\">divella@divella.it<\/a>. Lei potr\u00e0 pertanto chiedere di avere conoscenza dell\u2019origine dei dati nonch\u00e9 della logica e delle finalit\u00e0 del Trattamento; di ottenere la cancellazione, la trasformazione in forma anonima o il blocco dei dati trattati in violazione di legge, nonch\u00e9 l\u2019aggiornamento, la rettifica o, se vi \u00e8 interesse, l\u2019integrazione dei dati stessi; di opporsi, per motivi legittimi, al trattamento. \u00c8 garantito il diritto a revocare il consenso in qualsiasi momento senza pregiudicare la liceit\u00e0 del trattamento basata sul consenso prestato prima della revoca. \u00c8 garantito il diritto alla portabilit\u00e0 dei dati, a proporre reclamo a un\u2019autorit\u00e0 di controllo.<br \/>\n[\/vc_column_text][vc_column_text]F. Divella S.p.A.[\/vc_column_text][vc_empty_space][\/vc_column][vc_column width=&#8221;1\/12&#8243; offset=&#8221;vc_col-lg-2&#8243;][\/vc_column][\/vc_row]<\/p>\n<\/div>","protected":false},"excerpt":{"rendered":"<p>[vc_row el_class=&#8221;backgrounded first_row&#8221;][vc_column width=&#8221;1\/12&#8243; offset=&#8221;vc_col-lg-2&#8243;][\/vc_column][vc_column width=&#8221;5\/6&#8243; offset=&#8221;vc_col-lg-8&#8243;][vc_empty_space height=&#8221;80px&#8221;][vc_column_text css=&#8221;&#8221; el_class=&#8221;text-center&#8221;] Informativa privacy consumatore [\/vc_column_text][vc_separator color=&#8221;mulled_wine&#8221;][vc_column_text css=&#8221;&#8221;] Informativa ai sensi dell\u2019art. 13 del Regolamento UE 2016\/679 \u2013 Consumatore Questa informativa viene fornita ai sensi dell\u2019art. 13 del Regolamento EU 2016\/679 (di seguito anche Regolamento); secondo la legge indicata, tale trattamento sar\u00e0 improntato ai principi di correttezza, [&hellip;]<\/p>\n","protected":false},"author":2,"featured_media":0,"parent":0,"menu_order":0,"comment_status":"closed","ping_status":"closed","template":"page-full.php","meta":{"inline_featured_image":false,"footnotes":""},"class_list":["post-1097","page","type-page","status-publish","hentry"],"yoast_head":"<!-- This site is optimized with the Yoast SEO plugin v27.4 - https:\/\/yoast.com\/product\/yoast-seo-wordpress\/ -->\n<title>Informativa Consumatore - Divella<\/title>\n<meta name=\"robots\" content=\"index, follow, max-snippet:-1, max-image-preview:large, max-video-preview:-1\" \/>\n<link rel=\"canonical\" href=\"https:\/\/www.divella.it\/it\/informativa-consumatore\/\" \/>\n<meta property=\"og:locale\" content=\"it_IT\" \/>\n<meta property=\"og:type\" content=\"article\" \/>\n<meta property=\"og:title\" content=\"Informativa Consumatore - Divella\" \/>\n<meta property=\"og:description\" content=\"[vc_row el_class=&#8221;backgrounded first_row&#8221;][vc_column width=&#8221;1\/12&#8243; offset=&#8221;vc_col-lg-2&#8243;][\/vc_column][vc_column width=&#8221;5\/6&#8243; offset=&#8221;vc_col-lg-8&#8243;][vc_empty_space height=&#8221;80px&#8221;][vc_column_text css=&#8221;&#8221; el_class=&#8221;text-center&#8221;] Informativa privacy consumatore [\/vc_column_text][vc_separator color=&#8221;mulled_wine&#8221;][vc_column_text css=&#8221;&#8221;] Informativa ai sensi dell\u2019art. 13 del Regolamento UE 2016\/679 \u2013 Consumatore Questa informativa viene fornita ai sensi dell\u2019art. 13 del Regolamento EU 2016\/679 (di seguito anche Regolamento); secondo la legge indicata, tale trattamento sar\u00e0 improntato ai principi di correttezza, [&hellip;]\" \/>\n<meta property=\"og:url\" content=\"https:\/\/www.divella.it\/it\/informativa-consumatore\/\" \/>\n<meta property=\"og:site_name\" content=\"Divella\" \/>\n<meta property=\"article:publisher\" content=\"https:\/\/www.facebook.com\/Divella.IT\/\" \/>\n<meta property=\"article:modified_time\" content=\"2025-12-30T10:07:55+00:00\" \/>\n<meta name=\"twitter:card\" content=\"summary_large_image\" \/>\n<meta name=\"twitter:site\" content=\"@divellaofficial\" \/>\n<meta name=\"twitter:label1\" content=\"Tempo di lettura stimato\" \/>\n\t<meta name=\"twitter:data1\" content=\"3 minuti\" \/>\n<script type=\"application\/ld+json\" class=\"yoast-schema-graph\">{\"@context\":\"https:\\\/\\\/schema.org\",\"@graph\":[{\"@type\":\"WebPage\",\"@id\":\"https:\\\/\\\/www.divella.it\\\/it\\\/informativa-consumatore\\\/\",\"url\":\"https:\\\/\\\/www.divella.it\\\/it\\\/informativa-consumatore\\\/\",\"name\":\"Informativa Consumatore - Divella\",\"isPartOf\":{\"@id\":\"https:\\\/\\\/www.divella.it\\\/it\\\/#website\"},\"datePublished\":\"2022-11-03T14:15:38+00:00\",\"dateModified\":\"2025-12-30T10:07:55+00:00\",\"breadcrumb\":{\"@id\":\"https:\\\/\\\/www.divella.it\\\/it\\\/informativa-consumatore\\\/#breadcrumb\"},\"inLanguage\":\"it-IT\",\"potentialAction\":[{\"@type\":\"ReadAction\",\"target\":[\"https:\\\/\\\/www.divella.it\\\/it\\\/informativa-consumatore\\\/\"]}]},{\"@type\":\"BreadcrumbList\",\"@id\":\"https:\\\/\\\/www.divella.it\\\/it\\\/informativa-consumatore\\\/#breadcrumb\",\"itemListElement\":[{\"@type\":\"ListItem\",\"position\":1,\"name\":\"Home\",\"item\":\"https:\\\/\\\/www.divella.it\\\/it\\\/\"},{\"@type\":\"ListItem\",\"position\":2,\"name\":\"Informativa Consumatore\"}]},{\"@type\":\"WebSite\",\"@id\":\"https:\\\/\\\/www.divella.it\\\/it\\\/#website\",\"url\":\"https:\\\/\\\/www.divella.it\\\/it\\\/\",\"name\":\"Divella\",\"description\":\"\",\"publisher\":{\"@id\":\"https:\\\/\\\/www.divella.it\\\/it\\\/#organization\"},\"potentialAction\":[{\"@type\":\"SearchAction\",\"target\":{\"@type\":\"EntryPoint\",\"urlTemplate\":\"https:\\\/\\\/www.divella.it\\\/it\\\/?s={search_term_string}\"},\"query-input\":{\"@type\":\"PropertyValueSpecification\",\"valueRequired\":true,\"valueName\":\"search_term_string\"}}],\"inLanguage\":\"it-IT\"},{\"@type\":\"Organization\",\"@id\":\"https:\\\/\\\/www.divella.it\\\/it\\\/#organization\",\"name\":\"Divella\",\"url\":\"https:\\\/\\\/www.divella.it\\\/it\\\/\",\"logo\":{\"@type\":\"ImageObject\",\"inLanguage\":\"it-IT\",\"@id\":\"https:\\\/\\\/www.divella.it\\\/it\\\/#\\\/schema\\\/logo\\\/image\\\/\",\"url\":\"https:\\\/\\\/www.divella.it\\\/wp-content\\\/uploads\\\/2023\\\/01\\\/logo-divella.jpg\",\"contentUrl\":\"https:\\\/\\\/www.divella.it\\\/wp-content\\\/uploads\\\/2023\\\/01\\\/logo-divella.jpg\",\"width\":200,\"height\":151,\"caption\":\"Divella\"},\"image\":{\"@id\":\"https:\\\/\\\/www.divella.it\\\/it\\\/#\\\/schema\\\/logo\\\/image\\\/\"},\"sameAs\":[\"https:\\\/\\\/www.facebook.com\\\/Divella.IT\\\/\",\"https:\\\/\\\/x.com\\\/divellaofficial\",\"https:\\\/\\\/www.youtube.com\\\/channel\\\/UCfw9Jp-BYRM0T9qWR7RQK7A\",\"https:\\\/\\\/www.instagram.com\\\/divellaofficial\\\/?hl=it\",\"https:\\\/\\\/www.linkedin.com\\\/company\\\/f.-divella-spa\\\/?originalSubdomain=it\"]}]}<\/script>\n<!-- \/ Yoast SEO plugin. -->","yoast_head_json":{"title":"Informativa Consumatore - Divella","robots":{"index":"index","follow":"follow","max-snippet":"max-snippet:-1","max-image-preview":"max-image-preview:large","max-video-preview":"max-video-preview:-1"},"canonical":"https:\/\/www.divella.it\/it\/informativa-consumatore\/","og_locale":"it_IT","og_type":"article","og_title":"Informativa Consumatore - Divella","og_description":"[vc_row el_class=&#8221;backgrounded first_row&#8221;][vc_column width=&#8221;1\/12&#8243; offset=&#8221;vc_col-lg-2&#8243;][\/vc_column][vc_column width=&#8221;5\/6&#8243; offset=&#8221;vc_col-lg-8&#8243;][vc_empty_space height=&#8221;80px&#8221;][vc_column_text css=&#8221;&#8221; el_class=&#8221;text-center&#8221;] Informativa privacy consumatore [\/vc_column_text][vc_separator color=&#8221;mulled_wine&#8221;][vc_column_text css=&#8221;&#8221;] Informativa ai sensi dell\u2019art. 13 del Regolamento UE 2016\/679 \u2013 Consumatore Questa informativa viene fornita ai sensi dell\u2019art. 13 del Regolamento EU 2016\/679 (di seguito anche Regolamento); secondo la legge indicata, tale trattamento sar\u00e0 improntato ai principi di correttezza, [&hellip;]","og_url":"https:\/\/www.divella.it\/it\/informativa-consumatore\/","og_site_name":"Divella","article_publisher":"https:\/\/www.facebook.com\/Divella.IT\/","article_modified_time":"2025-12-30T10:07:55+00:00","twitter_card":"summary_large_image","twitter_site":"@divellaofficial","twitter_misc":{"Tempo di lettura stimato":"3 minuti"},"schema":{"@context":"https:\/\/schema.org","@graph":[{"@type":"WebPage","@id":"https:\/\/www.divella.it\/it\/informativa-consumatore\/","url":"https:\/\/www.divella.it\/it\/informativa-consumatore\/","name":"Informativa Consumatore - Divella","isPartOf":{"@id":"https:\/\/www.divella.it\/it\/#website"},"datePublished":"2022-11-03T14:15:38+00:00","dateModified":"2025-12-30T10:07:55+00:00","breadcrumb":{"@id":"https:\/\/www.divella.it\/it\/informativa-consumatore\/#breadcrumb"},"inLanguage":"it-IT","potentialAction":[{"@type":"ReadAction","target":["https:\/\/www.divella.it\/it\/informativa-consumatore\/"]}]},{"@type":"BreadcrumbList","@id":"https:\/\/www.divella.it\/it\/informativa-consumatore\/#breadcrumb","itemListElement":[{"@type":"ListItem","position":1,"name":"Home","item":"https:\/\/www.divella.it\/it\/"},{"@type":"ListItem","position":2,"name":"Informativa Consumatore"}]},{"@type":"WebSite","@id":"https:\/\/www.divella.it\/it\/#website","url":"https:\/\/www.divella.it\/it\/","name":"Divella","description":"","publisher":{"@id":"https:\/\/www.divella.it\/it\/#organization"},"potentialAction":[{"@type":"SearchAction","target":{"@type":"EntryPoint","urlTemplate":"https:\/\/www.divella.it\/it\/?s={search_term_string}"},"query-input":{"@type":"PropertyValueSpecification","valueRequired":true,"valueName":"search_term_string"}}],"inLanguage":"it-IT"},{"@type":"Organization","@id":"https:\/\/www.divella.it\/it\/#organization","name":"Divella","url":"https:\/\/www.divella.it\/it\/","logo":{"@type":"ImageObject","inLanguage":"it-IT","@id":"https:\/\/www.divella.it\/it\/#\/schema\/logo\/image\/","url":"https:\/\/www.divella.it\/wp-content\/uploads\/2023\/01\/logo-divella.jpg","contentUrl":"https:\/\/www.divella.it\/wp-content\/uploads\/2023\/01\/logo-divella.jpg","width":200,"height":151,"caption":"Divella"},"image":{"@id":"https:\/\/www.divella.it\/it\/#\/schema\/logo\/image\/"},"sameAs":["https:\/\/www.facebook.com\/Divella.IT\/","https:\/\/x.com\/divellaofficial","https:\/\/www.youtube.com\/channel\/UCfw9Jp-BYRM0T9qWR7RQK7A","https:\/\/www.instagram.com\/divellaofficial\/?hl=it","https:\/\/www.linkedin.com\/company\/f.-divella-spa\/?originalSubdomain=it"]}]}},"_links":{"self":[{"href":"https:\/\/www.divella.it\/it\/wp-json\/wp\/v2\/pages\/1097","targetHints":{"allow":["GET"]}}],"collection":[{"href":"https:\/\/www.divella.it\/it\/wp-json\/wp\/v2\/pages"}],"about":[{"href":"https:\/\/www.divella.it\/it\/wp-json\/wp\/v2\/types\/page"}],"author":[{"embeddable":true,"href":"https:\/\/www.divella.it\/it\/wp-json\/wp\/v2\/users\/2"}],"replies":[{"embeddable":true,"href":"https:\/\/www.divella.it\/it\/wp-json\/wp\/v2\/comments?post=1097"}],"version-history":[{"count":19,"href":"https:\/\/www.divella.it\/it\/wp-json\/wp\/v2\/pages\/1097\/revisions"}],"predecessor-version":[{"id":123835,"href":"https:\/\/www.divella.it\/it\/wp-json\/wp\/v2\/pages\/1097\/revisions\/123835"}],"wp:attachment":[{"href":"https:\/\/www.divella.it\/it\/wp-json\/wp\/v2\/media?parent=1097"}],"curies":[{"name":"wp","href":"https:\/\/api.w.org\/{rel}","templated":true}]}}